{"id":604,"date":"2016-08-22T12:45:57","date_gmt":"2016-08-22T10:45:57","guid":{"rendered":"http:\/\/www.moccacocinas.com\/de\/montaje\/"},"modified":"2024-11-08T10:56:22","modified_gmt":"2024-11-08T09:56:22","slug":"montageservice","status":"publish","type":"page","link":"https:\/\/www.moccacocinas.com\/de\/service\/montageservice\/","title":{"rendered":"Montageservice"},"content":{"rendered":"<div class=\"fusion-fullwidth fullwidth-box fusion-builder-row-1 fusion-flex-container nonhundred-percent-fullwidth non-hundred-percent-height-scrolling\" style=\"--awb-border-radius-top-left:0px;--awb-border-radius-top-right:0px;--awb-border-radius-bottom-right:0px;--awb-border-radius-bottom-left:0px;--awb-flex-wrap:wrap;\" ><div class=\"fusion-builder-row fusion-row fusion-flex-align-items-flex-start fusion-flex-content-wrap\" style=\"max-width:1248px;margin-left: calc(-4% \/ 2 );margin-right: calc(-4% \/ 2 );\"><div class=\"fusion-layout-column fusion_builder_column fusion-builder-column-0 fusion_builder_column_1_1 1_1 fusion-flex-column\" style=\"--awb-bg-size:cover;--awb-width-large:100%;--awb-margin-top-large:0px;--awb-spacing-right-large:1.92%;--awb-margin-bottom-large:0px;--awb-spacing-left-large:1.92%;--awb-width-medium:100%;--awb-spacing-right-medium:1.92%;--awb-spacing-left-medium:1.92%;--awb-width-small:100%;--awb-spacing-right-small:1.92%;--awb-spacing-left-small:1.92%;\"><div class=\"fusion-column-wrapper fusion-flex-justify-content-flex-start fusion-content-layout-column\"><div class=\"fusion-title title fusion-title-1 fusion-sep-none fusion-title-text fusion-title-size-one\"><h1 class=\"fusion-title-heading title-heading-left\" style=\"margin:0;\">Montageservice<\/h1><\/div><div class=\"fusion-text fusion-text-1\"><p>Sobald die Planung Ihres Projekts steht, beginnt die Arbeit unseres Montageteams. Ein hochqualifiziertes Team von Spezialisten, steht Ihnen f\u00fcr die Umsetzung Ihres Projektes zur Verf\u00fcgung und f\u00fchrt alle notwendigen Arbeiten im Zusammenhang mit der Realisierung durch. Wir bieten Ihnen einen auf Ihre pers\u00f6nlichen Bed\u00fcrfnisse zugeschnittenen Service. Angefangen mit Maurerarbeiten, \u00fcber Sanit\u00e4r- und Elektroinstallation bis hin zur fertigen Montage. Ganz gleich was Sie ben\u00f6tigen und welche Arbeiten bei der Umsetzung anfallen, wir stellen Ihnen die entsprechenden Fachleute zur Verf\u00fcgung. Auf diese Weise realisieren wir jedes Projekt mit eigenem Personal und betreuen und \u00fcberwachen alle Zwischenschritte von der fr\u00fchen Planungsphase bis zum letzten Detail bei der Montage und Installation.<\/p>\n<h2 class=\"fusion-responsive-typography-calculated\" data-fontsize=\"48\" data-lineheight=\"57.599998px\">Integrierte Planung<\/h2>\n<p>Unsere Arbeitsweise basiert auf Effizienz und Funktionalit\u00e4t, die eine zuverl\u00e4ssige und integrierte Planung garantieren. So stellen wir sicher, dass wir in jedem Stadium des Projekts effektiv die beste L\u00f6sung f\u00fcr jede Problemstellungen erzielen. F\u00fcr unsere Spezialisten gilt als oberste Priorit\u00e4t, Ihnen bei der Realisierung Ihres Projektes die besten Ergebnisse hinsichtlich Qualit\u00e4t und Design zu garantieren.<\/p>\n<h3 class=\"fusion-responsive-typography-calculated\" data-fontsize=\"36\" data-lineheight=\"43.200001px\">Unser Versprechen<\/h3>\n<p>Gem\u00e4\u00df der Unternehmensphilosophie von Mocca verpflichten wir uns, den besten Service rund um individuelle Produktauswahl, Eleganz und Funktionalit\u00e4t zu einem kundenspezifischen Projekte zu kombinieren. Durch eine unbegrenzte Auswahl von M\u00f6glichkeiten werden wir auch h\u00f6chsten Anspr\u00fcchen gerecht. Dieses Versprechen garantiert Ihnen Ruhe und das Vertrauen in uns. Entscheiden Sie sich f\u00fcr Mocca als Gestalter Ihres Heims!<\/p>\n<\/div><\/div><\/div><\/div><\/div>\n","protected":false},"excerpt":{"rendered":"","protected":false},"author":1,"featured_media":321,"parent":619,"menu_order":3,"comment_status":"closed","ping_status":"closed","template":"","meta":{"footnotes":""},"class_list":["post-604","page","type-page","status-publish","has-post-thumbnail","hentry"],"_links":{"self":[{"href":"https:\/\/www.moccacocinas.com\/de\/wp-json\/wp\/v2\/pages\/604","targetHints":{"allow":["GET"]}}],"collection":[{"href":"https:\/\/www.moccacocinas.com\/de\/wp-json\/wp\/v2\/pages"}],"about":[{"href":"https:\/\/www.moccacocinas.com\/de\/wp-json\/wp\/v2\/types\/page"}],"author":[{"embeddable":true,"href":"https:\/\/www.moccacocinas.com\/de\/wp-json\/wp\/v2\/users\/1"}],"replies":[{"embeddable":true,"href":"https:\/\/www.moccacocinas.com\/de\/wp-json\/wp\/v2\/comments?post=604"}],"version-history":[{"count":4,"href":"https:\/\/www.moccacocinas.com\/de\/wp-json\/wp\/v2\/pages\/604\/revisions"}],"predecessor-version":[{"id":1399,"href":"https:\/\/www.moccacocinas.com\/de\/wp-json\/wp\/v2\/pages\/604\/revisions\/1399"}],"up":[{"embeddable":true,"href":"https:\/\/www.moccacocinas.com\/de\/wp-json\/wp\/v2\/pages\/619"}],"wp:featuredmedia":[{"embeddable":true,"href":"https:\/\/www.moccacocinas.com\/de\/wp-json\/wp\/v2\/media\/321"}],"wp:attachment":[{"href":"https:\/\/www.moccacocinas.com\/de\/wp-json\/wp\/v2\/media?parent=604"}],"curies":[{"name":"wp","href":"https:\/\/api.w.org\/{rel}","templated":true}]}}