{"id":613,"date":"2016-07-27T22:07:23","date_gmt":"2016-07-27T20:07:23","guid":{"rendered":"http:\/\/www.moccacocinas.com\/de\/hogar\/"},"modified":"2025-05-01T12:22:14","modified_gmt":"2025-05-01T10:22:14","slug":"inneneinrichtung","status":"publish","type":"page","link":"https:\/\/www.moccacocinas.com\/de\/galerie\/inneneinrichtung\/","title":{"rendered":"Inneneinrichtung"},"content":{"rendered":"<div class=\"fusion-fullwidth fullwidth-box fusion-builder-row-1 fusion-flex-container nonhundred-percent-fullwidth non-hundred-percent-height-scrolling\" style=\"--awb-border-radius-top-left:0px;--awb-border-radius-top-right:0px;--awb-border-radius-bottom-right:0px;--awb-border-radius-bottom-left:0px;--awb-flex-wrap:wrap;\" ><div class=\"fusion-builder-row fusion-row fusion-flex-align-items-flex-start fusion-flex-content-wrap\" style=\"max-width:1248px;margin-left: calc(-4% \/ 2 );margin-right: calc(-4% \/ 2 );\"><div class=\"fusion-layout-column fusion_builder_column fusion-builder-column-0 fusion_builder_column_1_1 1_1 fusion-flex-column\" style=\"--awb-bg-size:cover;--awb-width-large:100%;--awb-margin-top-large:0px;--awb-spacing-right-large:1.92%;--awb-margin-bottom-large:0px;--awb-spacing-left-large:1.92%;--awb-width-medium:100%;--awb-spacing-right-medium:1.92%;--awb-spacing-left-medium:1.92%;--awb-width-small:100%;--awb-spacing-right-small:1.92%;--awb-spacing-left-small:1.92%;\"><div class=\"fusion-column-wrapper fusion-flex-justify-content-flex-start fusion-content-layout-column\"><div class=\"fusion-title title fusion-title-1 fusion-sep-none fusion-title-text fusion-title-size-one\"><h1 class=\"fusion-title-heading title-heading-left\" style=\"margin:0;\">Inneneinrichtung<\/h1><\/div><div class=\"awb-gallery-wrapper awb-gallery-wrapper-1 button-span-no\" style=\"--more-btn-alignment:center;margin-bottom:50px;\"><div style=\"margin:-5px;--awb-bordersize:0px;\" class=\"fusion-gallery fusion-gallery-container fusion-grid-3 fusion-columns-total-15 fusion-gallery-layout-grid fusion-gallery-1\"><div style=\"padding:5px;\" class=\"fusion-grid-column fusion-gallery-column fusion-gallery-column-3 hover-type-none\"><div class=\"fusion-gallery-image\"><a href=\"https:\/\/www.moccacocinas.com\/wp-content\/uploads\/2025\/04\/DSCF2458-HDR-Editar-scaled.jpg\" rel=\"noreferrer\" data-rel=\"iLightbox[gallery_image_1]\" class=\"fusion-lightbox\" target=\"_self\"><img decoding=\"async\" src=\"https:\/\/www.moccacocinas.com\/wp-content\/uploads\/2025\/04\/DSCF2458-HDR-Editar-scaled.jpg\" width=\"2560\" height=\"1707\" alt=\"\" title=\"DSCF2458-HDR-Editar\" aria-label=\"DSCF2458-HDR-Editar\" class=\"img-responsive wp-image-1660\" srcset=\"https:\/\/www.moccacocinas.com\/wp-content\/uploads\/2025\/04\/DSCF2458-HDR-Editar-200x133.jpg 200w, https:\/\/www.moccacocinas.com\/wp-content\/uploads\/2025\/04\/DSCF2458-HDR-Editar-400x267.jpg 400w, https:\/\/www.moccacocinas.com\/wp-content\/uploads\/2025\/04\/DSCF2458-HDR-Editar-600x400.jpg 600w, https:\/\/www.moccacocinas.com\/wp-content\/uploads\/2025\/04\/DSCF2458-HDR-Editar-800x533.jpg 800w, https:\/\/www.moccacocinas.com\/wp-content\/uploads\/2025\/04\/DSCF2458-HDR-Editar-1200x800.jpg 1200w, https:\/\/www.moccacocinas.com\/wp-content\/uploads\/2025\/04\/DSCF2458-HDR-Editar-scaled.jpg 2560w\" sizes=\"(min-width: 2200px) 100vw, (min-width: 784px) 397px, (min-width: 712px) 595px, (min-width: 640px) 712px, \" \/><\/a><\/div><\/div><div style=\"padding:5px;\" class=\"fusion-grid-column fusion-gallery-column fusion-gallery-column-3 hover-type-none\"><div class=\"fusion-gallery-image\"><a href=\"https:\/\/www.moccacocinas.com\/wp-content\/uploads\/2025\/04\/06_dica1_2022_Dormitorio2_283.jpg\" rel=\"noreferrer\" data-rel=\"iLightbox[gallery_image_1]\" class=\"fusion-lightbox\" target=\"_self\"><img decoding=\"async\" src=\"https:\/\/www.moccacocinas.com\/wp-content\/uploads\/2025\/04\/06_dica1_2022_Dormitorio2_283.jpg\" width=\"1336\" height=\"2000\" alt=\"\" title=\"06_dica1_2022_Dormitorio2_283\" aria-label=\"06_dica1_2022_Dormitorio2_283\" class=\"img-responsive wp-image-1663\" srcset=\"https:\/\/www.moccacocinas.com\/wp-content\/uploads\/2025\/04\/06_dica1_2022_Dormitorio2_283-200x299.jpg 200w, https:\/\/www.moccacocinas.com\/wp-content\/uploads\/2025\/04\/06_dica1_2022_Dormitorio2_283-400x599.jpg 400w, https:\/\/www.moccacocinas.com\/wp-content\/uploads\/2025\/04\/06_dica1_2022_Dormitorio2_283-600x898.jpg 600w, https:\/\/www.moccacocinas.com\/wp-content\/uploads\/2025\/04\/06_dica1_2022_Dormitorio2_283-800x1198.jpg 800w, https:\/\/www.moccacocinas.com\/wp-content\/uploads\/2025\/04\/06_dica1_2022_Dormitorio2_283-1200x1796.jpg 1200w, https:\/\/www.moccacocinas.com\/wp-content\/uploads\/2025\/04\/06_dica1_2022_Dormitorio2_283.jpg 1336w\" sizes=\"(min-width: 2200px) 100vw, (min-width: 784px) 397px, (min-width: 712px) 595px, (min-width: 640px) 712px, \" \/><\/a><\/div><\/div><div style=\"padding:5px;\" class=\"fusion-grid-column fusion-gallery-column fusion-gallery-column-3 hover-type-none\"><div class=\"fusion-gallery-image\"><a href=\"https:\/\/www.moccacocinas.com\/wp-content\/uploads\/2025\/04\/06_dica1_2022_Dormitorio2_221-scaled.jpg\" rel=\"noreferrer\" data-rel=\"iLightbox[gallery_image_1]\" class=\"fusion-lightbox\" target=\"_self\"><img decoding=\"async\" src=\"https:\/\/www.moccacocinas.com\/wp-content\/uploads\/2025\/04\/06_dica1_2022_Dormitorio2_221-scaled.jpg\" width=\"2560\" height=\"1710\" alt=\"\" title=\"06_dica1_2022_Dormitorio2_221\" aria-label=\"06_dica1_2022_Dormitorio2_221\" class=\"img-responsive wp-image-1666\" srcset=\"https:\/\/www.moccacocinas.com\/wp-content\/uploads\/2025\/04\/06_dica1_2022_Dormitorio2_221-200x134.jpg 200w, https:\/\/www.moccacocinas.com\/wp-content\/uploads\/2025\/04\/06_dica1_2022_Dormitorio2_221-400x267.jpg 400w, https:\/\/www.moccacocinas.com\/wp-content\/uploads\/2025\/04\/06_dica1_2022_Dormitorio2_221-600x401.jpg 600w, https:\/\/www.moccacocinas.com\/wp-content\/uploads\/2025\/04\/06_dica1_2022_Dormitorio2_221-800x534.jpg 800w, https:\/\/www.moccacocinas.com\/wp-content\/uploads\/2025\/04\/06_dica1_2022_Dormitorio2_221-1200x801.jpg 1200w, https:\/\/www.moccacocinas.com\/wp-content\/uploads\/2025\/04\/06_dica1_2022_Dormitorio2_221-scaled.jpg 2560w\" sizes=\"(min-width: 2200px) 100vw, (min-width: 784px) 397px, (min-width: 712px) 595px, (min-width: 640px) 712px, \" \/><\/a><\/div><\/div><div class=\"clearfix\"><\/div><div style=\"padding:5px;\" class=\"fusion-grid-column fusion-gallery-column fusion-gallery-column-3 hover-type-none\"><div class=\"fusion-gallery-image\"><a href=\"https:\/\/www.moccacocinas.com\/wp-content\/uploads\/2025\/04\/06_dica1_2022_Dormitorio2_143-scaled.jpg\" rel=\"noreferrer\" data-rel=\"iLightbox[gallery_image_1]\" class=\"fusion-lightbox\" target=\"_self\"><img decoding=\"async\" src=\"https:\/\/www.moccacocinas.com\/wp-content\/uploads\/2025\/04\/06_dica1_2022_Dormitorio2_143-scaled.jpg\" width=\"2560\" height=\"1710\" alt=\"\" title=\"06_dica1_2022_Dormitorio2_143\" aria-label=\"06_dica1_2022_Dormitorio2_143\" class=\"img-responsive wp-image-1669\" srcset=\"https:\/\/www.moccacocinas.com\/wp-content\/uploads\/2025\/04\/06_dica1_2022_Dormitorio2_143-200x134.jpg 200w, https:\/\/www.moccacocinas.com\/wp-content\/uploads\/2025\/04\/06_dica1_2022_Dormitorio2_143-400x267.jpg 400w, https:\/\/www.moccacocinas.com\/wp-content\/uploads\/2025\/04\/06_dica1_2022_Dormitorio2_143-600x401.jpg 600w, https:\/\/www.moccacocinas.com\/wp-content\/uploads\/2025\/04\/06_dica1_2022_Dormitorio2_143-800x534.jpg 800w, https:\/\/www.moccacocinas.com\/wp-content\/uploads\/2025\/04\/06_dica1_2022_Dormitorio2_143-1200x801.jpg 1200w, https:\/\/www.moccacocinas.com\/wp-content\/uploads\/2025\/04\/06_dica1_2022_Dormitorio2_143-scaled.jpg 2560w\" sizes=\"(min-width: 2200px) 100vw, (min-width: 784px) 397px, (min-width: 712px) 595px, (min-width: 640px) 712px, \" \/><\/a><\/div><\/div><div style=\"padding:5px;\" class=\"fusion-grid-column fusion-gallery-column fusion-gallery-column-3 hover-type-none\"><div class=\"fusion-gallery-image\"><a href=\"https:\/\/www.moccacocinas.com\/wp-content\/uploads\/2025\/04\/05_dica1_2022_Salon2_034.jpg\" rel=\"noreferrer\" data-rel=\"iLightbox[gallery_image_1]\" class=\"fusion-lightbox\" target=\"_self\"><img decoding=\"async\" src=\"https:\/\/www.moccacocinas.com\/wp-content\/uploads\/2025\/04\/05_dica1_2022_Salon2_034.jpg\" width=\"2366\" height=\"1580\" alt=\"\" title=\"05_dica1_2022_Salon2_034\" aria-label=\"05_dica1_2022_Salon2_034\" class=\"img-responsive wp-image-1672\" srcset=\"https:\/\/www.moccacocinas.com\/wp-content\/uploads\/2025\/04\/05_dica1_2022_Salon2_034-200x134.jpg 200w, https:\/\/www.moccacocinas.com\/wp-content\/uploads\/2025\/04\/05_dica1_2022_Salon2_034-400x267.jpg 400w, https:\/\/www.moccacocinas.com\/wp-content\/uploads\/2025\/04\/05_dica1_2022_Salon2_034-600x401.jpg 600w, https:\/\/www.moccacocinas.com\/wp-content\/uploads\/2025\/04\/05_dica1_2022_Salon2_034-800x534.jpg 800w, https:\/\/www.moccacocinas.com\/wp-content\/uploads\/2025\/04\/05_dica1_2022_Salon2_034-1200x801.jpg 1200w, https:\/\/www.moccacocinas.com\/wp-content\/uploads\/2025\/04\/05_dica1_2022_Salon2_034.jpg 2366w\" sizes=\"(min-width: 2200px) 100vw, (min-width: 784px) 397px, (min-width: 712px) 595px, (min-width: 640px) 712px, \" \/><\/a><\/div><\/div><div style=\"padding:5px;\" class=\"fusion-grid-column fusion-gallery-column fusion-gallery-column-3 hover-type-none\"><div class=\"fusion-gallery-image\"><a href=\"https:\/\/www.moccacocinas.com\/wp-content\/uploads\/2025\/04\/dica2_C1_HQ_1009.jpg\" rel=\"noreferrer\" data-rel=\"iLightbox[gallery_image_1]\" class=\"fusion-lightbox\" target=\"_self\"><img decoding=\"async\" src=\"https:\/\/www.moccacocinas.com\/wp-content\/uploads\/2025\/04\/dica2_C1_HQ_1009.jpg\" width=\"2370\" height=\"1580\" alt=\"\" title=\"dica2_C1_HQ_1009\" aria-label=\"dica2_C1_HQ_1009\" class=\"img-responsive wp-image-1675\" srcset=\"https:\/\/www.moccacocinas.com\/wp-content\/uploads\/2025\/04\/dica2_C1_HQ_1009-200x133.jpg 200w, https:\/\/www.moccacocinas.com\/wp-content\/uploads\/2025\/04\/dica2_C1_HQ_1009-400x267.jpg 400w, https:\/\/www.moccacocinas.com\/wp-content\/uploads\/2025\/04\/dica2_C1_HQ_1009-600x400.jpg 600w, https:\/\/www.moccacocinas.com\/wp-content\/uploads\/2025\/04\/dica2_C1_HQ_1009-800x533.jpg 800w, https:\/\/www.moccacocinas.com\/wp-content\/uploads\/2025\/04\/dica2_C1_HQ_1009-1200x800.jpg 1200w, https:\/\/www.moccacocinas.com\/wp-content\/uploads\/2025\/04\/dica2_C1_HQ_1009.jpg 2370w\" sizes=\"(min-width: 2200px) 100vw, (min-width: 784px) 397px, (min-width: 712px) 595px, (min-width: 640px) 712px, \" \/><\/a><\/div><\/div><div class=\"clearfix\"><\/div><div style=\"padding:5px;\" class=\"fusion-grid-column fusion-gallery-column fusion-gallery-column-3 hover-type-none\"><div class=\"fusion-gallery-image\"><a href=\"https:\/\/www.moccacocinas.com\/wp-content\/uploads\/2025\/04\/dica2_C1_HQ_1015.jpg\" rel=\"noreferrer\" data-rel=\"iLightbox[gallery_image_1]\" class=\"fusion-lightbox\" target=\"_self\"><img decoding=\"async\" src=\"https:\/\/www.moccacocinas.com\/wp-content\/uploads\/2025\/04\/dica2_C1_HQ_1015.jpg\" width=\"2370\" height=\"1580\" alt=\"\" title=\"dica2_C1_HQ_1015\" aria-label=\"dica2_C1_HQ_1015\" class=\"img-responsive wp-image-1678\" srcset=\"https:\/\/www.moccacocinas.com\/wp-content\/uploads\/2025\/04\/dica2_C1_HQ_1015-200x133.jpg 200w, https:\/\/www.moccacocinas.com\/wp-content\/uploads\/2025\/04\/dica2_C1_HQ_1015-400x267.jpg 400w, https:\/\/www.moccacocinas.com\/wp-content\/uploads\/2025\/04\/dica2_C1_HQ_1015-600x400.jpg 600w, https:\/\/www.moccacocinas.com\/wp-content\/uploads\/2025\/04\/dica2_C1_HQ_1015-800x533.jpg 800w, https:\/\/www.moccacocinas.com\/wp-content\/uploads\/2025\/04\/dica2_C1_HQ_1015-1200x800.jpg 1200w, https:\/\/www.moccacocinas.com\/wp-content\/uploads\/2025\/04\/dica2_C1_HQ_1015.jpg 2370w\" sizes=\"(min-width: 2200px) 100vw, (min-width: 784px) 397px, (min-width: 712px) 595px, (min-width: 640px) 712px, \" \/><\/a><\/div><\/div><div style=\"padding:5px;\" class=\"fusion-grid-column fusion-gallery-column fusion-gallery-column-3 hover-type-none\"><div class=\"fusion-gallery-image\"><a href=\"https:\/\/www.moccacocinas.com\/wp-content\/uploads\/2025\/04\/D_Cdr2022_HQ_03_178.jpg\" rel=\"noreferrer\" data-rel=\"iLightbox[gallery_image_1]\" class=\"fusion-lightbox\" target=\"_self\"><img decoding=\"async\" src=\"https:\/\/www.moccacocinas.com\/wp-content\/uploads\/2025\/04\/D_Cdr2022_HQ_03_178.jpg\" width=\"2370\" height=\"1580\" alt=\"\" title=\"D_Cdr2022_HQ_03_178\" aria-label=\"D_Cdr2022_HQ_03_178\" class=\"img-responsive wp-image-1681\" srcset=\"https:\/\/www.moccacocinas.com\/wp-content\/uploads\/2025\/04\/D_Cdr2022_HQ_03_178-200x133.jpg 200w, https:\/\/www.moccacocinas.com\/wp-content\/uploads\/2025\/04\/D_Cdr2022_HQ_03_178-400x267.jpg 400w, https:\/\/www.moccacocinas.com\/wp-content\/uploads\/2025\/04\/D_Cdr2022_HQ_03_178-600x400.jpg 600w, https:\/\/www.moccacocinas.com\/wp-content\/uploads\/2025\/04\/D_Cdr2022_HQ_03_178-800x533.jpg 800w, https:\/\/www.moccacocinas.com\/wp-content\/uploads\/2025\/04\/D_Cdr2022_HQ_03_178-1200x800.jpg 1200w, https:\/\/www.moccacocinas.com\/wp-content\/uploads\/2025\/04\/D_Cdr2022_HQ_03_178.jpg 2370w\" sizes=\"(min-width: 2200px) 100vw, (min-width: 784px) 397px, (min-width: 712px) 595px, (min-width: 640px) 712px, \" \/><\/a><\/div><\/div><div style=\"padding:5px;\" class=\"fusion-grid-column fusion-gallery-column fusion-gallery-column-3 hover-type-none\"><div class=\"fusion-gallery-image\"><a href=\"https:\/\/www.moccacocinas.com\/wp-content\/uploads\/2025\/04\/Dica_Salon_02_Detalle_03.jpg\" rel=\"noreferrer\" data-rel=\"iLightbox[gallery_image_1]\" class=\"fusion-lightbox\" target=\"_self\"><img decoding=\"async\" src=\"https:\/\/www.moccacocinas.com\/wp-content\/uploads\/2025\/04\/Dica_Salon_02_Detalle_03.jpg\" width=\"2000\" height=\"2000\" alt=\"\" title=\"Dica_Salon_02_Detalle_03\" aria-label=\"Dica_Salon_02_Detalle_03\" class=\"img-responsive wp-image-1684\" srcset=\"https:\/\/www.moccacocinas.com\/wp-content\/uploads\/2025\/04\/Dica_Salon_02_Detalle_03-200x200.jpg 200w, https:\/\/www.moccacocinas.com\/wp-content\/uploads\/2025\/04\/Dica_Salon_02_Detalle_03-400x400.jpg 400w, https:\/\/www.moccacocinas.com\/wp-content\/uploads\/2025\/04\/Dica_Salon_02_Detalle_03-600x600.jpg 600w, https:\/\/www.moccacocinas.com\/wp-content\/uploads\/2025\/04\/Dica_Salon_02_Detalle_03-800x800.jpg 800w, https:\/\/www.moccacocinas.com\/wp-content\/uploads\/2025\/04\/Dica_Salon_02_Detalle_03-1200x1200.jpg 1200w, https:\/\/www.moccacocinas.com\/wp-content\/uploads\/2025\/04\/Dica_Salon_02_Detalle_03.jpg 2000w\" sizes=\"(min-width: 2200px) 100vw, (min-width: 784px) 397px, (min-width: 712px) 595px, (min-width: 640px) 712px, \" \/><\/a><\/div><\/div><div class=\"clearfix\"><\/div><div style=\"padding:5px;\" class=\"fusion-grid-column fusion-gallery-column fusion-gallery-column-3 hover-type-none\"><div class=\"fusion-gallery-image\"><a href=\"https:\/\/www.moccacocinas.com\/wp-content\/uploads\/2025\/04\/Dica_Salon_02.jpg\" rel=\"noreferrer\" data-rel=\"iLightbox[gallery_image_1]\" class=\"fusion-lightbox\" target=\"_self\"><img decoding=\"async\" src=\"https:\/\/www.moccacocinas.com\/wp-content\/uploads\/2025\/04\/Dica_Salon_02.jpg\" width=\"2370\" height=\"1580\" alt=\"\" title=\"Dica_Salon_02\" aria-label=\"Dica_Salon_02\" class=\"img-responsive wp-image-1687\" srcset=\"https:\/\/www.moccacocinas.com\/wp-content\/uploads\/2025\/04\/Dica_Salon_02-200x133.jpg 200w, https:\/\/www.moccacocinas.com\/wp-content\/uploads\/2025\/04\/Dica_Salon_02-400x267.jpg 400w, https:\/\/www.moccacocinas.com\/wp-content\/uploads\/2025\/04\/Dica_Salon_02-600x400.jpg 600w, https:\/\/www.moccacocinas.com\/wp-content\/uploads\/2025\/04\/Dica_Salon_02-800x533.jpg 800w, https:\/\/www.moccacocinas.com\/wp-content\/uploads\/2025\/04\/Dica_Salon_02-1200x800.jpg 1200w, https:\/\/www.moccacocinas.com\/wp-content\/uploads\/2025\/04\/Dica_Salon_02.jpg 2370w\" sizes=\"(min-width: 2200px) 100vw, (min-width: 784px) 397px, (min-width: 712px) 595px, (min-width: 640px) 712px, \" \/><\/a><\/div><\/div><div style=\"padding:5px;\" class=\"fusion-grid-column fusion-gallery-column fusion-gallery-column-3 hover-type-none\"><div class=\"fusion-gallery-image\"><a href=\"https:\/\/www.moccacocinas.com\/wp-content\/uploads\/2025\/04\/DICA-SALON_01_2.jpg\" rel=\"noreferrer\" data-rel=\"iLightbox[gallery_image_1]\" class=\"fusion-lightbox\" target=\"_self\"><img decoding=\"async\" src=\"https:\/\/www.moccacocinas.com\/wp-content\/uploads\/2025\/04\/DICA-SALON_01_2.jpg\" width=\"2370\" height=\"1580\" alt=\"\" title=\"DICA SALON_01_2\" aria-label=\"DICA SALON_01_2\" class=\"img-responsive wp-image-1690\" srcset=\"https:\/\/www.moccacocinas.com\/wp-content\/uploads\/2025\/04\/DICA-SALON_01_2-200x133.jpg 200w, https:\/\/www.moccacocinas.com\/wp-content\/uploads\/2025\/04\/DICA-SALON_01_2-400x267.jpg 400w, https:\/\/www.moccacocinas.com\/wp-content\/uploads\/2025\/04\/DICA-SALON_01_2-600x400.jpg 600w, https:\/\/www.moccacocinas.com\/wp-content\/uploads\/2025\/04\/DICA-SALON_01_2-800x533.jpg 800w, https:\/\/www.moccacocinas.com\/wp-content\/uploads\/2025\/04\/DICA-SALON_01_2-1200x800.jpg 1200w, https:\/\/www.moccacocinas.com\/wp-content\/uploads\/2025\/04\/DICA-SALON_01_2.jpg 2370w\" sizes=\"(min-width: 2200px) 100vw, (min-width: 784px) 397px, (min-width: 712px) 595px, (min-width: 640px) 712px, \" \/><\/a><\/div><\/div><div style=\"padding:5px;\" class=\"fusion-grid-column fusion-gallery-column fusion-gallery-column-3 hover-type-none\"><div class=\"fusion-gallery-image\"><a href=\"https:\/\/www.moccacocinas.com\/wp-content\/uploads\/2025\/04\/dica2_C3_HQ_3527b.jpg\" rel=\"noreferrer\" data-rel=\"iLightbox[gallery_image_1]\" class=\"fusion-lightbox\" target=\"_self\"><img decoding=\"async\" src=\"https:\/\/www.moccacocinas.com\/wp-content\/uploads\/2025\/04\/dica2_C3_HQ_3527b.jpg\" width=\"1333\" height=\"2000\" alt=\"\" title=\"dica2_C3_HQ_3527b\" aria-label=\"dica2_C3_HQ_3527b\" class=\"img-responsive wp-image-1693\" srcset=\"https:\/\/www.moccacocinas.com\/wp-content\/uploads\/2025\/04\/dica2_C3_HQ_3527b-200x300.jpg 200w, https:\/\/www.moccacocinas.com\/wp-content\/uploads\/2025\/04\/dica2_C3_HQ_3527b-400x600.jpg 400w, https:\/\/www.moccacocinas.com\/wp-content\/uploads\/2025\/04\/dica2_C3_HQ_3527b-600x900.jpg 600w, https:\/\/www.moccacocinas.com\/wp-content\/uploads\/2025\/04\/dica2_C3_HQ_3527b-800x1200.jpg 800w, https:\/\/www.moccacocinas.com\/wp-content\/uploads\/2025\/04\/dica2_C3_HQ_3527b-1200x1800.jpg 1200w, https:\/\/www.moccacocinas.com\/wp-content\/uploads\/2025\/04\/dica2_C3_HQ_3527b.jpg 1333w\" sizes=\"(min-width: 2200px) 100vw, (min-width: 784px) 397px, (min-width: 712px) 595px, (min-width: 640px) 712px, \" \/><\/a><\/div><\/div><div class=\"clearfix\"><\/div><div style=\"padding:5px;\" class=\"fusion-grid-column fusion-gallery-column fusion-gallery-column-3 hover-type-none\"><div class=\"fusion-gallery-image\"><a href=\"https:\/\/www.moccacocinas.com\/wp-content\/uploads\/2025\/04\/dica2_C3_HQ_3515.jpg\" rel=\"noreferrer\" data-rel=\"iLightbox[gallery_image_1]\" class=\"fusion-lightbox\" target=\"_self\"><img decoding=\"async\" src=\"https:\/\/www.moccacocinas.com\/wp-content\/uploads\/2025\/04\/dica2_C3_HQ_3515.jpg\" width=\"1333\" height=\"2000\" alt=\"\" title=\"dica2_C3_HQ_3515\" aria-label=\"dica2_C3_HQ_3515\" class=\"img-responsive wp-image-1696\" srcset=\"https:\/\/www.moccacocinas.com\/wp-content\/uploads\/2025\/04\/dica2_C3_HQ_3515-200x300.jpg 200w, https:\/\/www.moccacocinas.com\/wp-content\/uploads\/2025\/04\/dica2_C3_HQ_3515-400x600.jpg 400w, https:\/\/www.moccacocinas.com\/wp-content\/uploads\/2025\/04\/dica2_C3_HQ_3515-600x900.jpg 600w, https:\/\/www.moccacocinas.com\/wp-content\/uploads\/2025\/04\/dica2_C3_HQ_3515-800x1200.jpg 800w, https:\/\/www.moccacocinas.com\/wp-content\/uploads\/2025\/04\/dica2_C3_HQ_3515-1200x1800.jpg 1200w, https:\/\/www.moccacocinas.com\/wp-content\/uploads\/2025\/04\/dica2_C3_HQ_3515.jpg 1333w\" sizes=\"(min-width: 2200px) 100vw, (min-width: 784px) 397px, (min-width: 712px) 595px, (min-width: 640px) 712px, \" \/><\/a><\/div><\/div><div style=\"padding:5px;\" class=\"fusion-grid-column fusion-gallery-column fusion-gallery-column-3 hover-type-none\"><div class=\"fusion-gallery-image\"><a href=\"https:\/\/www.moccacocinas.com\/wp-content\/uploads\/2025\/04\/dica2_C3_HQ_3476.jpg\" rel=\"noreferrer\" data-rel=\"iLightbox[gallery_image_1]\" class=\"fusion-lightbox\" target=\"_self\"><img decoding=\"async\" src=\"https:\/\/www.moccacocinas.com\/wp-content\/uploads\/2025\/04\/dica2_C3_HQ_3476.jpg\" width=\"2370\" height=\"1580\" alt=\"\" title=\"dica2_C3_HQ_3476\" aria-label=\"dica2_C3_HQ_3476\" class=\"img-responsive wp-image-1699\" srcset=\"https:\/\/www.moccacocinas.com\/wp-content\/uploads\/2025\/04\/dica2_C3_HQ_3476-200x133.jpg 200w, https:\/\/www.moccacocinas.com\/wp-content\/uploads\/2025\/04\/dica2_C3_HQ_3476-400x267.jpg 400w, https:\/\/www.moccacocinas.com\/wp-content\/uploads\/2025\/04\/dica2_C3_HQ_3476-600x400.jpg 600w, https:\/\/www.moccacocinas.com\/wp-content\/uploads\/2025\/04\/dica2_C3_HQ_3476-800x533.jpg 800w, https:\/\/www.moccacocinas.com\/wp-content\/uploads\/2025\/04\/dica2_C3_HQ_3476-1200x800.jpg 1200w, https:\/\/www.moccacocinas.com\/wp-content\/uploads\/2025\/04\/dica2_C3_HQ_3476.jpg 2370w\" sizes=\"(min-width: 2200px) 100vw, (min-width: 784px) 397px, (min-width: 712px) 595px, (min-width: 640px) 712px, \" \/><\/a><\/div><\/div><div style=\"padding:5px;\" class=\"fusion-grid-column fusion-gallery-column fusion-gallery-column-3 hover-type-none\"><div class=\"fusion-gallery-image\"><a href=\"https:\/\/www.moccacocinas.com\/wp-content\/uploads\/2025\/04\/dica2_C3_HQ_3066.jpg\" rel=\"noreferrer\" data-rel=\"iLightbox[gallery_image_1]\" class=\"fusion-lightbox\" target=\"_self\"><img decoding=\"async\" src=\"https:\/\/www.moccacocinas.com\/wp-content\/uploads\/2025\/04\/dica2_C3_HQ_3066.jpg\" width=\"1333\" height=\"2000\" alt=\"\" title=\"dica2_C3_HQ_3066\" aria-label=\"dica2_C3_HQ_3066\" class=\"img-responsive wp-image-1702\" srcset=\"https:\/\/www.moccacocinas.com\/wp-content\/uploads\/2025\/04\/dica2_C3_HQ_3066-200x300.jpg 200w, https:\/\/www.moccacocinas.com\/wp-content\/uploads\/2025\/04\/dica2_C3_HQ_3066-400x600.jpg 400w, https:\/\/www.moccacocinas.com\/wp-content\/uploads\/2025\/04\/dica2_C3_HQ_3066-600x900.jpg 600w, https:\/\/www.moccacocinas.com\/wp-content\/uploads\/2025\/04\/dica2_C3_HQ_3066-800x1200.jpg 800w, https:\/\/www.moccacocinas.com\/wp-content\/uploads\/2025\/04\/dica2_C3_HQ_3066-1200x1800.jpg 1200w, https:\/\/www.moccacocinas.com\/wp-content\/uploads\/2025\/04\/dica2_C3_HQ_3066.jpg 1333w\" sizes=\"(min-width: 2200px) 100vw, (min-width: 784px) 397px, (min-width: 712px) 595px, (min-width: 640px) 712px, \" \/><\/a><\/div><\/div><div class=\"clearfix\"><\/div><\/div><\/div><div class=\"fusion-text fusion-text-1\"><p>Wir bei Mocca k\u00fcmmern uns um unsere Projekte bis ins kleinste Detail, um das zu Hause Ihrer Tr\u00e4ume wahr werden zu lassen. Wir bieten Ihnen unbegrenzte M\u00f6glichkeiten, ma\u00dfgeschneidert und angepasst an die speziellsten Anforderungen, die im Ergebnis Ihre Erwartungen \u00fcbertreffen werden. Durch unserer langj\u00e4hrigen Erfahrung als Designer und dank einer gro\u00dfen Auswahl an Materialien, Farben, Texturen und Stoffen, gestalten und planen wir Projekte f\u00fcr jede noch so anspruchsvolle r\u00e4umliche Situation. Gemeinsam entwickeln wir ein Projekt, das sich optimal Ihren W\u00fcnschen anpasst.<\/p>\n<h2>ma\u00dfgeschneiderte projekte<\/h2>\n<p>Sorgf\u00e4ltige Planung sowie die Auswahl von Designs und Materialien ist unerl\u00e4sslich f\u00fcr das Erreichen der gew\u00fcnschten Ergebnisse. Durch den Einsatz einer 3D-Planungssoftware k\u00f6nnen wir Ihre Vorstellungen visualisieren und noch vor der Realisierung des Projekts \u00c4nderungen und Verbesserungen vornehmen. Hierdurch \u00fcberlassen wir nichts dem Zufall und erreichen die Zufriedenheit, mit der unsere Entw\u00fcrfe angenommen werden. Wir stellen sicher, dass unsere Resultate Ihren Erwartungen entsprechen, ohne \u00dcberraschungen hinsichtlich Technik oder Design. Wir finden stets die Option, die am besten zu der jeweiligen Situation und den vorhandenen Gegebenheiten passt.<\/p>\n<h3>garantierte ergebnisse<\/h3>\n<p>Mocca ist Partner der renommiertesten Marken der M\u00f6bel-, Design- und Innendekorationsindustrie. Funktionalit\u00e4t, Erscheinungsbild und innovative Features, f\u00fcr die unsere Marken stehen, spiegeln sich in der Qualit\u00e4t und Exklusivit\u00e4t unserer Projekte wider. Die Vielfalt der Materialien und Oberfl\u00e4chen, von laminiert bis lackiert, Naturholz, gl\u00e4nzend, matt oder Satin, erm\u00f6glicht es uns, einzigartige und individuelle Kreationen zu realisieren. F\u00fcr Ihre Inneneinrichtung bieten wir hochwertige M\u00f6bel von f\u00fchrenden Herstellern wie Dica, Treku, Abrito, Ciurans, Cast (Sofas) sowie Ondarreta, Vimens, Cancio, Casual (Tische, St\u00fchle und Sessel) und Aromas del Campo (Lampen).<\/p>\n<\/div><\/div><\/div><\/div><\/div>\n","protected":false},"excerpt":{"rendered":"","protected":false},"author":1,"featured_media":0,"parent":622,"menu_order":3,"comment_status":"closed","ping_status":"closed","template":"","meta":{"footnotes":""},"class_list":["post-613","page","type-page","status-publish","hentry"],"_links":{"self":[{"href":"https:\/\/www.moccacocinas.com\/de\/wp-json\/wp\/v2\/pages\/613","targetHints":{"allow":["GET"]}}],"collection":[{"href":"https:\/\/www.moccacocinas.com\/de\/wp-json\/wp\/v2\/pages"}],"about":[{"href":"https:\/\/www.moccacocinas.com\/de\/wp-json\/wp\/v2\/types\/page"}],"author":[{"embeddable":true,"href":"https:\/\/www.moccacocinas.com\/de\/wp-json\/wp\/v2\/users\/1"}],"replies":[{"embeddable":true,"href":"https:\/\/www.moccacocinas.com\/de\/wp-json\/wp\/v2\/comments?post=613"}],"version-history":[{"count":7,"href":"https:\/\/www.moccacocinas.com\/de\/wp-json\/wp\/v2\/pages\/613\/revisions"}],"predecessor-version":[{"id":1788,"href":"https:\/\/www.moccacocinas.com\/de\/wp-json\/wp\/v2\/pages\/613\/revisions\/1788"}],"up":[{"embeddable":true,"href":"https:\/\/www.moccacocinas.com\/de\/wp-json\/wp\/v2\/pages\/622"}],"wp:attachment":[{"href":"https:\/\/www.moccacocinas.com\/de\/wp-json\/wp\/v2\/media?parent=613"}],"curies":[{"name":"wp","href":"https:\/\/api.w.org\/{rel}","templated":true}]}}