{"id":619,"date":"2016-08-09T16:03:39","date_gmt":"2016-08-09T14:03:39","guid":{"rendered":"http:\/\/www.moccacocinas.com\/de\/servicios\/"},"modified":"2017-03-27T20:55:22","modified_gmt":"2017-03-27T18:55:22","slug":"service","status":"publish","type":"page","link":"https:\/\/www.moccacocinas.com\/de\/service\/","title":{"rendered":"Service"},"content":{"rendered":"<p>[vc_row][vc_column][vc_column_text]Mocca realisiert Design nach Ihren W\u00fcnschen. Wir bieten integrierte L\u00f6sungen f\u00fcr Planung und Montage. Dank unseres erfahrenen Spezialistenteams, bringen wir Ihr Projekt zum Fliegen.[\/vc_column_text][\/vc_column][\/vc_row][vc_row full_width=&#8220;&#8220;][vc_column width=&#8220;1\/3&#8243;][vc_column_text]<\/p>\n<h2>Planung<\/h2>\n<p>[\/vc_column_text][vc_single_image image=&#8220;272&#8243; img_size=&#8220;medium&#8220;][vc_column_text]Wir bei Mocca wissen, wie wichtig pers\u00f6nlicher Service ist. Unser individueller Planungsservice ist einer der Grundpfeiler, auf dem die Leistungsf\u00e4higkeit unseres Unternehmens beruht.[\/vc_column_text][vc_btn title=&#8220;weiter lesen&#8220; style=&#8220;outline-custom&#8220; outline_custom_color=&#8220;#000000&#8243; outline_custom_hover_background=&#8220;#f8b62b&#8220; outline_custom_hover_text=&#8220;#ffffff&#8220; shape=&#8220;square&#8220; size=&#8220;sm&#8220; link=&#8220;url:http%3A%2F%2Fwww.moccacocinas.com%2Fde%2Fservice%2Fplanung%2F|||&#8220;][\/vc_column][vc_column width=&#8220;1\/3&#8243;][vc_column_text]<\/p>\n<h2>Finanzierung<\/h2>\n<p>[\/vc_column_text][vc_single_image image=&#8220;501&#8243; img_size=&#8220;medium&#8220;][vc_column_text]Wir bieten Ihnen Finanzierungsm\u00f6glichkeiten f\u00fcr unsere Projekte mit bis zu 12 Monate, ohne Zinsen.[\/vc_column_text][vc_btn title=&#8220;weiter lesen&#8220; style=&#8220;outline-custom&#8220; outline_custom_color=&#8220;#000000&#8243; outline_custom_hover_background=&#8220;#f8b62b&#8220; outline_custom_hover_text=&#8220;#ffffff&#8220; shape=&#8220;square&#8220; size=&#8220;sm&#8220; link=&#8220;url:http%3A%2F%2Fwww.moccacocinas.com%2Fde%2Fservice%2Ffinanzierung%2F|||&#8220;][\/vc_column][vc_column width=&#8220;1\/3&#8243;][vc_column_text]<\/p>\n<h2>Montage<\/h2>\n<p>[\/vc_column_text][vc_single_image image=&#8220;275&#8243; img_size=&#8220;medium&#8220;][vc_column_text]Wir bieten Ihnen einen auf Ihre pers\u00f6nlichen Bed\u00fcrfnisse zugeschnittenen Service. Angefangen mit Maurerarbeiten, \u00fcber Sanit\u00e4r- und Elektroinstallation bis hin zur fertigen Montage.[\/vc_column_text][vc_btn title=&#8220;weiter lesen&#8220; style=&#8220;outline-custom&#8220; outline_custom_color=&#8220;#000000&#8243; outline_custom_hover_background=&#8220;#f8b62b&#8220; outline_custom_hover_text=&#8220;#ffffff&#8220; shape=&#8220;square&#8220; size=&#8220;sm&#8220; link=&#8220;url:http%3A%2F%2Fwww.moccacocinas.com%2Fde%2Fservice%2Fmontageservice%2F|||&#8220;][\/vc_column][\/vc_row]<\/p>\n","protected":false},"excerpt":{"rendered":"<p>[vc_row][vc_column][vc_column_text]Mocca realisiert Design nach Ihren W\u00fcnschen. Wir bieten integrierte L\u00f6sungen  [&#8230;]<\/p>\n","protected":false},"author":1,"featured_media":0,"parent":0,"menu_order":5,"comment_status":"closed","ping_status":"closed","template":"","meta":{"footnotes":""},"class_list":["post-619","page","type-page","status-publish","hentry"],"_links":{"self":[{"href":"https:\/\/www.moccacocinas.com\/de\/wp-json\/wp\/v2\/pages\/619","targetHints":{"allow":["GET"]}}],"collection":[{"href":"https:\/\/www.moccacocinas.com\/de\/wp-json\/wp\/v2\/pages"}],"about":[{"href":"https:\/\/www.moccacocinas.com\/de\/wp-json\/wp\/v2\/types\/page"}],"author":[{"embeddable":true,"href":"https:\/\/www.moccacocinas.com\/de\/wp-json\/wp\/v2\/users\/1"}],"replies":[{"embeddable":true,"href":"https:\/\/www.moccacocinas.com\/de\/wp-json\/wp\/v2\/comments?post=619"}],"version-history":[{"count":3,"href":"https:\/\/www.moccacocinas.com\/de\/wp-json\/wp\/v2\/pages\/619\/revisions"}],"predecessor-version":[{"id":625,"href":"https:\/\/www.moccacocinas.com\/de\/wp-json\/wp\/v2\/pages\/619\/revisions\/625"}],"wp:attachment":[{"href":"https:\/\/www.moccacocinas.com\/de\/wp-json\/wp\/v2\/media?parent=619"}],"curies":[{"name":"wp","href":"https:\/\/api.w.org\/{rel}","templated":true}]}}