{"id":527,"date":"2016-08-09T16:03:39","date_gmt":"2016-08-09T14:03:39","guid":{"rendered":"http:\/\/www.moccacocinas.com\/en\/servicios\/"},"modified":"2016-11-06T18:13:18","modified_gmt":"2016-11-06T17:13:18","slug":"service","status":"publish","type":"page","link":"https:\/\/www.moccacocinas.com\/en\/service\/","title":{"rendered":"Service"},"content":{"rendered":"<p>[vc_row][vc_column][vc_column_text]At Mocca we are able to implement the design that best suits your tastes and everyday needs. Based on extensive experience, our expert team can offer solid advice and solutions from planning through to installation until your project has come to life.[\/vc_column_text][\/vc_column][\/vc_row][vc_row full_width=&#8221;&#8221;][vc_column width=&#8221;1\/3&#8243;][vc_column_text]<\/p>\n<h2>Planning<\/h2>\n<p>[\/vc_column_text][vc_single_image image=&#8221;272&#8243; img_size=&#8221;medium&#8221;][vc_column_text]En Mocca sabemos la importancia que adquiere el trato personalizado, por lo que nuestro servicio de planificaci\u00f3n es uno de los pilares b\u00e1sicos en los que se sustenta la solidez de nuestra empresa.[\/vc_column_text][vc_btn title=&#8221;leer m\u00e1s&#8221; style=&#8221;outline-custom&#8221; outline_custom_color=&#8221;#000000&#8243; outline_custom_hover_background=&#8221;#f8b62b&#8221; outline_custom_hover_text=&#8221;#ffffff&#8221; shape=&#8221;square&#8221; size=&#8221;sm&#8221; link=&#8221;url:http%3A%2F%2Fwww.moccacocinas.com%2Fservicios%2Fplanificacion%2F|||&#8221;][\/vc_column][vc_column width=&#8221;1\/3&#8243;][vc_column_text]<\/p>\n<h2>Financing<\/h2>\n<p>[\/vc_column_text][vc_single_image image=&#8221;501&#8243; img_size=&#8221;medium&#8221;][vc_column_text]We offer various payment schemes and finance your project up to 12 months without interest.[\/vc_column_text][vc_btn title=&#8221;leer m\u00e1s&#8221; style=&#8221;outline-custom&#8221; outline_custom_color=&#8221;#000000&#8243; outline_custom_hover_background=&#8221;#f8b62b&#8221; outline_custom_hover_text=&#8221;#ffffff&#8221; shape=&#8221;square&#8221; size=&#8221;sm&#8221; link=&#8221;url:http%3A%2F%2Fwww.moccacocinas.com%2Fservicios%2Ffinanciacion%2F|||&#8221;][\/vc_column][vc_column width=&#8221;1\/3&#8243;][vc_column_text]Installation[\/vc_column_text][vc_single_image image=&#8221;275&#8243; img_size=&#8221;medium&#8221;][vc_column_text]Ofrecemos un servicio adaptado a los requerimientos personales y que incluyen trabajos de alba\u00f1iler\u00eda, fontaner\u00eda, electricidad y montaje en funci\u00f3n de cu\u00e1les sean las exigencias individuales de nuestros clientes.[\/vc_column_text][vc_btn title=&#8221;leer m\u00e1s&#8221; style=&#8221;outline-custom&#8221; outline_custom_color=&#8221;#000000&#8243; outline_custom_hover_background=&#8221;#f8b62b&#8221; outline_custom_hover_text=&#8221;#ffffff&#8221; shape=&#8221;square&#8221; size=&#8221;sm&#8221; link=&#8221;url:http%3A%2F%2Fwww.moccacocinas.com%2Fservicios%2Fmontaje%2F|||&#8221;][\/vc_column][\/vc_row]<\/p>\n","protected":false},"excerpt":{"rendered":"<p>[vc_row][vc_column][vc_column_text]At Mocca we are able to implement the design that  [&#8230;]<\/p>\n","protected":false},"author":1,"featured_media":0,"parent":0,"menu_order":5,"comment_status":"closed","ping_status":"closed","template":"","meta":{"footnotes":""},"class_list":["post-527","page","type-page","status-publish","hentry"],"_links":{"self":[{"href":"https:\/\/www.moccacocinas.com\/en\/wp-json\/wp\/v2\/pages\/527","targetHints":{"allow":["GET"]}}],"collection":[{"href":"https:\/\/www.moccacocinas.com\/en\/wp-json\/wp\/v2\/pages"}],"about":[{"href":"https:\/\/www.moccacocinas.com\/en\/wp-json\/wp\/v2\/types\/page"}],"author":[{"embeddable":true,"href":"https:\/\/www.moccacocinas.com\/en\/wp-json\/wp\/v2\/users\/1"}],"replies":[{"embeddable":true,"href":"https:\/\/www.moccacocinas.com\/en\/wp-json\/wp\/v2\/comments?post=527"}],"version-history":[{"count":2,"href":"https:\/\/www.moccacocinas.com\/en\/wp-json\/wp\/v2\/pages\/527\/revisions"}],"predecessor-version":[{"id":528,"href":"https:\/\/www.moccacocinas.com\/en\/wp-json\/wp\/v2\/pages\/527\/revisions\/528"}],"wp:attachment":[{"href":"https:\/\/www.moccacocinas.com\/en\/wp-json\/wp\/v2\/media?parent=527"}],"curies":[{"name":"wp","href":"https:\/\/api.w.org\/{rel}","templated":true}]}}